{"id":328,"date":"2024-10-10T14:45:16","date_gmt":"2024-10-10T12:45:16","guid":{"rendered":"https:\/\/www.gi-mec.com\/pagina-di-esempio\/"},"modified":"2025-11-18T15:22:33","modified_gmt":"2025-11-18T14:22:33","slug":"pagina-di-esempio","status":"publish","type":"page","link":"https:\/\/www.gi-mec.com\/de\/","title":{"rendered":"Home"},"content":{"rendered":"<h1>Gi.Mec. S.r.l. \u2013 Pr\u00e4zisionsmechanische Bearbeitungen<\/h1>\n<p>Aus dem Herzen des Val di Scalve \u2013 im Dienst der italienischen und europ\u00e4ischen Industrie<\/p>\n","protected":false},"excerpt":{"rendered":"<p>Gi.Mec. S.r.l. \u2013 Pr\u00e4zisionsmechanische Bearbeitungen Aus dem Herzen des Val di Scalve \u2013 im Dienst der italienischen und europ\u00e4ischen Industrie<\/p>\n","protected":false},"author":1,"featured_media":187,"parent":0,"menu_order":0,"comment_status":"closed","ping_status":"closed","template":"index.php","meta":{"_acf_changed":false,"inline_featured_image":false,"footnotes":""},"class_list":["post-328","page","type-page","status-publish","has-post-thumbnail","hentry"],"acf":[],"yoast_head":"<!-- This site is optimized with the Yoast SEO plugin v27.3 - https:\/\/yoast.com\/product\/yoast-seo-wordpress\/ -->\n<title>Gi Mec - Pr\u00e4zisionsmechanische Bearbeitungen<\/title>\n<meta name=\"description\" content=\"Gi.Mec S.r.l. steht f\u00fcr Exzellenz in der Pr\u00e4zisionsbearbeitung von Maschinen und Anlagen und zeichnet sich durch ein starkes Engagement f\u00fcr Qualit\u00e4t und individuelle Anpassung aus.\" \/>\n<meta name=\"robots\" content=\"index, follow, max-snippet:-1, max-image-preview:large, max-video-preview:-1\" \/>\n<link rel=\"canonical\" href=\"https:\/\/www.gi-mec.com\/de\/\" \/>\n<meta property=\"og:locale\" content=\"de_DE\" \/>\n<meta property=\"og:type\" content=\"article\" \/>\n<meta property=\"og:title\" content=\"Gi Mec - Pr\u00e4zisionsmechanische Bearbeitungen\" \/>\n<meta property=\"og:description\" content=\"Gi.Mec S.r.l. steht f\u00fcr Exzellenz in der Pr\u00e4zisionsbearbeitung von Maschinen und Anlagen und zeichnet sich durch ein starkes Engagement f\u00fcr Qualit\u00e4t und individuelle Anpassung aus.\" \/>\n<meta property=\"og:url\" content=\"https:\/\/www.gi-mec.com\/de\/\" \/>\n<meta property=\"og:site_name\" content=\"Gi Mec\" \/>\n<meta property=\"article:modified_time\" content=\"2025-11-18T14:22:33+00:00\" \/>\n<meta property=\"og:image\" content=\"https:\/\/www.gi-mec.com\/wp-content\/uploads\/2025\/10\/Sede-Gi.Mec-Vilminore.webp\" \/>\n\t<meta property=\"og:image:width\" content=\"1900\" \/>\n\t<meta property=\"og:image:height\" content=\"1127\" \/>\n\t<meta property=\"og:image:type\" content=\"image\/webp\" \/>\n<meta name=\"twitter:card\" content=\"summary_large_image\" \/>\n<meta name=\"twitter:label1\" content=\"Gesch\u00e4tzte Lesezeit\" \/>\n\t<meta name=\"twitter:data1\" content=\"1\u00a0Minute\" \/>\n<script type=\"application\/ld+json\" class=\"yoast-schema-graph\">{\"@context\":\"https:\\\/\\\/schema.org\",\"@graph\":[{\"@type\":\"WebPage\",\"@id\":\"https:\\\/\\\/www.gi-mec.com\\\/de\\\/\",\"url\":\"https:\\\/\\\/www.gi-mec.com\\\/de\\\/\",\"name\":\"Gi Mec - Pr\u00e4zisionsmechanische Bearbeitungen\",\"isPartOf\":{\"@id\":\"https:\\\/\\\/www.gi-mec.com\\\/de\\\/#website\"},\"primaryImageOfPage\":{\"@id\":\"https:\\\/\\\/www.gi-mec.com\\\/de\\\/#primaryimage\"},\"image\":{\"@id\":\"https:\\\/\\\/www.gi-mec.com\\\/de\\\/#primaryimage\"},\"thumbnailUrl\":\"https:\\\/\\\/www.gi-mec.com\\\/wp-content\\\/uploads\\\/2025\\\/10\\\/Sede-Gi.Mec-Vilminore.webp\",\"datePublished\":\"2024-10-10T12:45:16+00:00\",\"dateModified\":\"2025-11-18T14:22:33+00:00\",\"description\":\"Gi.Mec S.r.l. steht f\u00fcr Exzellenz in der Pr\u00e4zisionsbearbeitung von Maschinen und Anlagen und zeichnet sich durch ein starkes Engagement f\u00fcr Qualit\u00e4t und individuelle Anpassung aus.\",\"breadcrumb\":{\"@id\":\"https:\\\/\\\/www.gi-mec.com\\\/de\\\/#breadcrumb\"},\"inLanguage\":\"de\",\"potentialAction\":[{\"@type\":\"ReadAction\",\"target\":[\"https:\\\/\\\/www.gi-mec.com\\\/de\\\/\"]}]},{\"@type\":\"ImageObject\",\"inLanguage\":\"de\",\"@id\":\"https:\\\/\\\/www.gi-mec.com\\\/de\\\/#primaryimage\",\"url\":\"https:\\\/\\\/www.gi-mec.com\\\/wp-content\\\/uploads\\\/2025\\\/10\\\/Sede-Gi.Mec-Vilminore.webp\",\"contentUrl\":\"https:\\\/\\\/www.gi-mec.com\\\/wp-content\\\/uploads\\\/2025\\\/10\\\/Sede-Gi.Mec-Vilminore.webp\",\"width\":1900,\"height\":1127,\"caption\":\"Sede Gi.Mec Vilminore\"},{\"@type\":\"BreadcrumbList\",\"@id\":\"https:\\\/\\\/www.gi-mec.com\\\/de\\\/#breadcrumb\",\"itemListElement\":[{\"@type\":\"ListItem\",\"position\":1,\"name\":\"Home\",\"item\":\"https:\\\/\\\/www.gi-mec.com\\\/de\\\/\"},{\"@type\":\"ListItem\",\"position\":2,\"name\":\"Home\"}]},{\"@type\":\"WebSite\",\"@id\":\"https:\\\/\\\/www.gi-mec.com\\\/de\\\/#website\",\"url\":\"https:\\\/\\\/www.gi-mec.com\\\/de\\\/\",\"name\":\"Gi Mec\",\"description\":\"Pr\u00e4zisionsmechanische Bearbeitungen\",\"potentialAction\":[{\"@type\":\"SearchAction\",\"target\":{\"@type\":\"EntryPoint\",\"urlTemplate\":\"https:\\\/\\\/www.gi-mec.com\\\/de\\\/?s={search_term_string}\"},\"query-input\":{\"@type\":\"PropertyValueSpecification\",\"valueRequired\":true,\"valueName\":\"search_term_string\"}}],\"inLanguage\":\"de\"}]}<\/script>\n<!-- \/ Yoast SEO plugin. -->","yoast_head_json":{"title":"Gi Mec - Pr\u00e4zisionsmechanische Bearbeitungen","description":"Gi.Mec S.r.l. steht f\u00fcr Exzellenz in der Pr\u00e4zisionsbearbeitung von Maschinen und Anlagen und zeichnet sich durch ein starkes Engagement f\u00fcr Qualit\u00e4t und individuelle Anpassung aus.","robots":{"index":"index","follow":"follow","max-snippet":"max-snippet:-1","max-image-preview":"max-image-preview:large","max-video-preview":"max-video-preview:-1"},"canonical":"https:\/\/www.gi-mec.com\/de\/","og_locale":"de_DE","og_type":"article","og_title":"Gi Mec - Pr\u00e4zisionsmechanische Bearbeitungen","og_description":"Gi.Mec S.r.l. steht f\u00fcr Exzellenz in der Pr\u00e4zisionsbearbeitung von Maschinen und Anlagen und zeichnet sich durch ein starkes Engagement f\u00fcr Qualit\u00e4t und individuelle Anpassung aus.","og_url":"https:\/\/www.gi-mec.com\/de\/","og_site_name":"Gi Mec","article_modified_time":"2025-11-18T14:22:33+00:00","og_image":[{"width":1900,"height":1127,"url":"https:\/\/www.gi-mec.com\/wp-content\/uploads\/2025\/10\/Sede-Gi.Mec-Vilminore.webp","type":"image\/webp"}],"twitter_card":"summary_large_image","twitter_misc":{"Gesch\u00e4tzte Lesezeit":"1\u00a0Minute"},"schema":{"@context":"https:\/\/schema.org","@graph":[{"@type":"WebPage","@id":"https:\/\/www.gi-mec.com\/de\/","url":"https:\/\/www.gi-mec.com\/de\/","name":"Gi Mec - Pr\u00e4zisionsmechanische Bearbeitungen","isPartOf":{"@id":"https:\/\/www.gi-mec.com\/de\/#website"},"primaryImageOfPage":{"@id":"https:\/\/www.gi-mec.com\/de\/#primaryimage"},"image":{"@id":"https:\/\/www.gi-mec.com\/de\/#primaryimage"},"thumbnailUrl":"https:\/\/www.gi-mec.com\/wp-content\/uploads\/2025\/10\/Sede-Gi.Mec-Vilminore.webp","datePublished":"2024-10-10T12:45:16+00:00","dateModified":"2025-11-18T14:22:33+00:00","description":"Gi.Mec S.r.l. steht f\u00fcr Exzellenz in der Pr\u00e4zisionsbearbeitung von Maschinen und Anlagen und zeichnet sich durch ein starkes Engagement f\u00fcr Qualit\u00e4t und individuelle Anpassung aus.","breadcrumb":{"@id":"https:\/\/www.gi-mec.com\/de\/#breadcrumb"},"inLanguage":"de","potentialAction":[{"@type":"ReadAction","target":["https:\/\/www.gi-mec.com\/de\/"]}]},{"@type":"ImageObject","inLanguage":"de","@id":"https:\/\/www.gi-mec.com\/de\/#primaryimage","url":"https:\/\/www.gi-mec.com\/wp-content\/uploads\/2025\/10\/Sede-Gi.Mec-Vilminore.webp","contentUrl":"https:\/\/www.gi-mec.com\/wp-content\/uploads\/2025\/10\/Sede-Gi.Mec-Vilminore.webp","width":1900,"height":1127,"caption":"Sede Gi.Mec Vilminore"},{"@type":"BreadcrumbList","@id":"https:\/\/www.gi-mec.com\/de\/#breadcrumb","itemListElement":[{"@type":"ListItem","position":1,"name":"Home","item":"https:\/\/www.gi-mec.com\/de\/"},{"@type":"ListItem","position":2,"name":"Home"}]},{"@type":"WebSite","@id":"https:\/\/www.gi-mec.com\/de\/#website","url":"https:\/\/www.gi-mec.com\/de\/","name":"Gi Mec","description":"Pr\u00e4zisionsmechanische Bearbeitungen","potentialAction":[{"@type":"SearchAction","target":{"@type":"EntryPoint","urlTemplate":"https:\/\/www.gi-mec.com\/de\/?s={search_term_string}"},"query-input":{"@type":"PropertyValueSpecification","valueRequired":true,"valueName":"search_term_string"}}],"inLanguage":"de"}]}},"_links":{"self":[{"href":"https:\/\/www.gi-mec.com\/de\/wp-json\/wp\/v2\/pages\/328","targetHints":{"allow":["GET"]}}],"collection":[{"href":"https:\/\/www.gi-mec.com\/de\/wp-json\/wp\/v2\/pages"}],"about":[{"href":"https:\/\/www.gi-mec.com\/de\/wp-json\/wp\/v2\/types\/page"}],"author":[{"embeddable":true,"href":"https:\/\/www.gi-mec.com\/de\/wp-json\/wp\/v2\/users\/1"}],"replies":[{"embeddable":true,"href":"https:\/\/www.gi-mec.com\/de\/wp-json\/wp\/v2\/comments?post=328"}],"version-history":[{"count":2,"href":"https:\/\/www.gi-mec.com\/de\/wp-json\/wp\/v2\/pages\/328\/revisions"}],"predecessor-version":[{"id":330,"href":"https:\/\/www.gi-mec.com\/de\/wp-json\/wp\/v2\/pages\/328\/revisions\/330"}],"wp:featuredmedia":[{"embeddable":true,"href":"https:\/\/www.gi-mec.com\/de\/wp-json\/wp\/v2\/media\/187"}],"wp:attachment":[{"href":"https:\/\/www.gi-mec.com\/de\/wp-json\/wp\/v2\/media?parent=328"}],"curies":[{"name":"wp","href":"https:\/\/api.w.org\/{rel}","templated":true}]}}