{"id":332,"date":"2025-10-29T08:54:18","date_gmt":"2025-10-29T07:54:18","guid":{"rendered":"https:\/\/www.gi-mec.com\/servizi\/"},"modified":"2025-11-14T15:11:43","modified_gmt":"2025-11-14T14:11:43","slug":"dienstleistungen","status":"publish","type":"page","link":"https:\/\/www.gi-mec.com\/de\/dienstleistungen\/","title":{"rendered":"DIENSTLEISTUNGEN"},"content":{"rendered":"<h1>Pr\u00e4zise, zuverl\u00e4ssige, ma\u00dfgeschneiderte mechanische L\u00f6sungen.<\/h1>\n","protected":false},"excerpt":{"rendered":"<p>Pr\u00e4zise, zuverl\u00e4ssige, ma\u00dfgeschneiderte mechanische L\u00f6sungen.<\/p>\n","protected":false},"author":1,"featured_media":255,"parent":0,"menu_order":0,"comment_status":"closed","ping_status":"closed","template":"page-servizi.php","meta":{"_acf_changed":false,"inline_featured_image":false,"footnotes":""},"class_list":["post-332","page","type-page","status-publish","has-post-thumbnail","hentry"],"acf":[],"yoast_head":"<!-- This site is optimized with the Yoast SEO plugin v27.3 - https:\/\/yoast.com\/product\/yoast-seo-wordpress\/ -->\n<title>DIENSTLEISTUNGEN - Gi Mec<\/title>\n<meta name=\"robots\" content=\"index, follow, max-snippet:-1, max-image-preview:large, max-video-preview:-1\" \/>\n<link rel=\"canonical\" href=\"https:\/\/www.gi-mec.com\/de\/dienstleistungen\/\" \/>\n<meta property=\"og:locale\" content=\"de_DE\" \/>\n<meta property=\"og:type\" content=\"article\" \/>\n<meta property=\"og:title\" content=\"DIENSTLEISTUNGEN - Gi Mec\" \/>\n<meta property=\"og:description\" content=\"Pr\u00e4zise, zuverl\u00e4ssige, ma\u00dfgeschneiderte mechanische L\u00f6sungen.\" \/>\n<meta property=\"og:url\" content=\"https:\/\/www.gi-mec.com\/de\/dienstleistungen\/\" \/>\n<meta property=\"og:site_name\" content=\"Gi Mec\" \/>\n<meta property=\"article:modified_time\" content=\"2025-11-14T14:11:43+00:00\" \/>\n<meta property=\"og:image\" content=\"https:\/\/www.gi-mec.com\/wp-content\/uploads\/2025\/11\/Soluzioni-meccaniche-precise-affidabili-su-misura.webp\" \/>\n\t<meta property=\"og:image:width\" content=\"1920\" \/>\n\t<meta property=\"og:image:height\" content=\"1281\" \/>\n\t<meta property=\"og:image:type\" content=\"image\/webp\" \/>\n<meta name=\"twitter:card\" content=\"summary_large_image\" \/>\n<script type=\"application\/ld+json\" class=\"yoast-schema-graph\">{\"@context\":\"https:\\\/\\\/schema.org\",\"@graph\":[{\"@type\":\"WebPage\",\"@id\":\"https:\\\/\\\/www.gi-mec.com\\\/de\\\/dienstleistungen\\\/\",\"url\":\"https:\\\/\\\/www.gi-mec.com\\\/de\\\/dienstleistungen\\\/\",\"name\":\"DIENSTLEISTUNGEN - Gi Mec\",\"isPartOf\":{\"@id\":\"https:\\\/\\\/www.gi-mec.com\\\/de\\\/#website\"},\"primaryImageOfPage\":{\"@id\":\"https:\\\/\\\/www.gi-mec.com\\\/de\\\/dienstleistungen\\\/#primaryimage\"},\"image\":{\"@id\":\"https:\\\/\\\/www.gi-mec.com\\\/de\\\/dienstleistungen\\\/#primaryimage\"},\"thumbnailUrl\":\"https:\\\/\\\/www.gi-mec.com\\\/wp-content\\\/uploads\\\/2025\\\/11\\\/Soluzioni-meccaniche-precise-affidabili-su-misura.webp\",\"datePublished\":\"2025-10-29T07:54:18+00:00\",\"dateModified\":\"2025-11-14T14:11:43+00:00\",\"breadcrumb\":{\"@id\":\"https:\\\/\\\/www.gi-mec.com\\\/de\\\/dienstleistungen\\\/#breadcrumb\"},\"inLanguage\":\"de\",\"potentialAction\":[{\"@type\":\"ReadAction\",\"target\":[\"https:\\\/\\\/www.gi-mec.com\\\/de\\\/dienstleistungen\\\/\"]}]},{\"@type\":\"ImageObject\",\"inLanguage\":\"de\",\"@id\":\"https:\\\/\\\/www.gi-mec.com\\\/de\\\/dienstleistungen\\\/#primaryimage\",\"url\":\"https:\\\/\\\/www.gi-mec.com\\\/wp-content\\\/uploads\\\/2025\\\/11\\\/Soluzioni-meccaniche-precise-affidabili-su-misura.webp\",\"contentUrl\":\"https:\\\/\\\/www.gi-mec.com\\\/wp-content\\\/uploads\\\/2025\\\/11\\\/Soluzioni-meccaniche-precise-affidabili-su-misura.webp\",\"width\":1920,\"height\":1281,\"caption\":\"Soluzioni Meccaniche Precise, Affidabili, Su Misura.\"},{\"@type\":\"BreadcrumbList\",\"@id\":\"https:\\\/\\\/www.gi-mec.com\\\/de\\\/dienstleistungen\\\/#breadcrumb\",\"itemListElement\":[{\"@type\":\"ListItem\",\"position\":1,\"name\":\"Home\",\"item\":\"https:\\\/\\\/www.gi-mec.com\\\/de\\\/\"},{\"@type\":\"ListItem\",\"position\":2,\"name\":\"DIENSTLEISTUNGEN\"}]},{\"@type\":\"WebSite\",\"@id\":\"https:\\\/\\\/www.gi-mec.com\\\/de\\\/#website\",\"url\":\"https:\\\/\\\/www.gi-mec.com\\\/de\\\/\",\"name\":\"Gi Mec\",\"description\":\"Pr\u00e4zisionsmechanische Bearbeitungen\",\"potentialAction\":[{\"@type\":\"SearchAction\",\"target\":{\"@type\":\"EntryPoint\",\"urlTemplate\":\"https:\\\/\\\/www.gi-mec.com\\\/de\\\/?s={search_term_string}\"},\"query-input\":{\"@type\":\"PropertyValueSpecification\",\"valueRequired\":true,\"valueName\":\"search_term_string\"}}],\"inLanguage\":\"de\"}]}<\/script>\n<!-- \/ Yoast SEO plugin. -->","yoast_head_json":{"title":"DIENSTLEISTUNGEN - Gi Mec","robots":{"index":"index","follow":"follow","max-snippet":"max-snippet:-1","max-image-preview":"max-image-preview:large","max-video-preview":"max-video-preview:-1"},"canonical":"https:\/\/www.gi-mec.com\/de\/dienstleistungen\/","og_locale":"de_DE","og_type":"article","og_title":"DIENSTLEISTUNGEN - Gi Mec","og_description":"Pr\u00e4zise, zuverl\u00e4ssige, ma\u00dfgeschneiderte mechanische L\u00f6sungen.","og_url":"https:\/\/www.gi-mec.com\/de\/dienstleistungen\/","og_site_name":"Gi Mec","article_modified_time":"2025-11-14T14:11:43+00:00","og_image":[{"width":1920,"height":1281,"url":"https:\/\/www.gi-mec.com\/wp-content\/uploads\/2025\/11\/Soluzioni-meccaniche-precise-affidabili-su-misura.webp","type":"image\/webp"}],"twitter_card":"summary_large_image","schema":{"@context":"https:\/\/schema.org","@graph":[{"@type":"WebPage","@id":"https:\/\/www.gi-mec.com\/de\/dienstleistungen\/","url":"https:\/\/www.gi-mec.com\/de\/dienstleistungen\/","name":"DIENSTLEISTUNGEN - Gi Mec","isPartOf":{"@id":"https:\/\/www.gi-mec.com\/de\/#website"},"primaryImageOfPage":{"@id":"https:\/\/www.gi-mec.com\/de\/dienstleistungen\/#primaryimage"},"image":{"@id":"https:\/\/www.gi-mec.com\/de\/dienstleistungen\/#primaryimage"},"thumbnailUrl":"https:\/\/www.gi-mec.com\/wp-content\/uploads\/2025\/11\/Soluzioni-meccaniche-precise-affidabili-su-misura.webp","datePublished":"2025-10-29T07:54:18+00:00","dateModified":"2025-11-14T14:11:43+00:00","breadcrumb":{"@id":"https:\/\/www.gi-mec.com\/de\/dienstleistungen\/#breadcrumb"},"inLanguage":"de","potentialAction":[{"@type":"ReadAction","target":["https:\/\/www.gi-mec.com\/de\/dienstleistungen\/"]}]},{"@type":"ImageObject","inLanguage":"de","@id":"https:\/\/www.gi-mec.com\/de\/dienstleistungen\/#primaryimage","url":"https:\/\/www.gi-mec.com\/wp-content\/uploads\/2025\/11\/Soluzioni-meccaniche-precise-affidabili-su-misura.webp","contentUrl":"https:\/\/www.gi-mec.com\/wp-content\/uploads\/2025\/11\/Soluzioni-meccaniche-precise-affidabili-su-misura.webp","width":1920,"height":1281,"caption":"Soluzioni Meccaniche Precise, Affidabili, Su Misura."},{"@type":"BreadcrumbList","@id":"https:\/\/www.gi-mec.com\/de\/dienstleistungen\/#breadcrumb","itemListElement":[{"@type":"ListItem","position":1,"name":"Home","item":"https:\/\/www.gi-mec.com\/de\/"},{"@type":"ListItem","position":2,"name":"DIENSTLEISTUNGEN"}]},{"@type":"WebSite","@id":"https:\/\/www.gi-mec.com\/de\/#website","url":"https:\/\/www.gi-mec.com\/de\/","name":"Gi Mec","description":"Pr\u00e4zisionsmechanische Bearbeitungen","potentialAction":[{"@type":"SearchAction","target":{"@type":"EntryPoint","urlTemplate":"https:\/\/www.gi-mec.com\/de\/?s={search_term_string}"},"query-input":{"@type":"PropertyValueSpecification","valueRequired":true,"valueName":"search_term_string"}}],"inLanguage":"de"}]}},"_links":{"self":[{"href":"https:\/\/www.gi-mec.com\/de\/wp-json\/wp\/v2\/pages\/332","targetHints":{"allow":["GET"]}}],"collection":[{"href":"https:\/\/www.gi-mec.com\/de\/wp-json\/wp\/v2\/pages"}],"about":[{"href":"https:\/\/www.gi-mec.com\/de\/wp-json\/wp\/v2\/types\/page"}],"author":[{"embeddable":true,"href":"https:\/\/www.gi-mec.com\/de\/wp-json\/wp\/v2\/users\/1"}],"replies":[{"embeddable":true,"href":"https:\/\/www.gi-mec.com\/de\/wp-json\/wp\/v2\/comments?post=332"}],"version-history":[{"count":2,"href":"https:\/\/www.gi-mec.com\/de\/wp-json\/wp\/v2\/pages\/332\/revisions"}],"predecessor-version":[{"id":335,"href":"https:\/\/www.gi-mec.com\/de\/wp-json\/wp\/v2\/pages\/332\/revisions\/335"}],"wp:featuredmedia":[{"embeddable":true,"href":"https:\/\/www.gi-mec.com\/de\/wp-json\/wp\/v2\/media\/255"}],"wp:attachment":[{"href":"https:\/\/www.gi-mec.com\/de\/wp-json\/wp\/v2\/media?parent=332"}],"curies":[{"name":"wp","href":"https:\/\/api.w.org\/{rel}","templated":true}]}}